{"id":878,"date":"2022-06-30T07:07:58","date_gmt":"2022-06-30T07:07:58","guid":{"rendered":"http:\/\/dmed-homecare.dmedbilisim.com\/kontakt\/"},"modified":"2022-09-08T11:52:12","modified_gmt":"2022-09-08T11:52:12","slug":"kontakt","status":"publish","type":"page","link":"http:\/\/dmed-homecare.dmedbilisim.com\/de\/kontakt\/","title":{"rendered":"Kontakt"},"content":{"rendered":"<p>[vc_section][vc_row el_class=&#8220;hc-banner-container-global&#8220;][vc_column width=&#8220;1\/2&#8243; el_class=&#8220;hc-left-item hc-va-middle&#8220;][vc_column_text el_class=&#8220;hc-front-text hc-no-bottom&#8220;]<\/p>\n<h1 class=\"hc-slider-nb-big-title inner-page\">Kontakt<\/h1>\n<p>[\/vc_column_text][\/vc_column][vc_column width=&#8220;1\/2&#8243; el_class=&#8220;hc-right-item hc-force-bottom&#8220;][vc_single_image image=&#8220;490&#8243; img_size=&#8220;full&#8220; el_class=&#8220;banner-front-image&#8220;][\/vc_column][\/vc_row][\/vc_section][vc_section][vc_row][vc_column width=&#8220;1\/2&#8243;][\/vc_column][\/vc_row][\/vc_section][vc_section el_class=&#8220;hc-wrapper&#8220;][vc_row el_class=&#8220;hc-dont-miss&#8220;][vc_column width=&#8220;1\/2&#8243; el_class=&#8220;hc-wrapper-left&#8220;][vc_single_image image=&#8220;567&#8243; img_size=&#8220;full&#8220; el_class=&#8220;hc-img-circle&#8220;][\/vc_column][vc_column width=&#8220;1\/2&#8243; css=&#8220;.vc_custom_1657278229794{margin-top: 80px !important;}&#8220;][vc_column_text]<\/p>\n<h2 style=\"margin-bottom: 30px;\">In Kontakt treten<\/h2>\n<p>[\/vc_column_text][vc_column_text el_class=&#8220;hc-content hc-mb-50&#8243;]Sie k\u00f6nnen unser B\u00fcro telefonisch oder \u00fcber das unten stehende<\/p>\n<p>Kontaktformular erreichen. Einer unserer Mitarbeiter wird sich so<\/p>\n<p style=\"text-align: left;\">schnell wie m\u00f6glich mit Ihnen in Verbindung setzen.<\/p>\n<p>[\/vc_column_text][vc_column_text el_class=&#8220;hc-contact&#8220;]<a class=\"hc-pr-title small hc-mb-40\"><i class=\"fa fa-phone\" aria-hidden=\"true\"><\/i> +41 71 588 0828<\/a><\/p>\n<p><a class=\"hc-pr-title small hc-mb-40\"><i class=\"fa fa-instagram\" aria-hidden=\"true\"><\/i> Folge uns<\/a>[\/vc_column_text][\/vc_column][\/vc_row][\/vc_section][vc_section][vc_row][vc_column width=&#8220;1\/2&#8243; el_class=&#8220;hc-form-element hc-mb-40 hc-pr-title small hc-mb-10&#8243;]<div role=\"form\" class=\"wpcf7\" id=\"wpcf7-f48-o1\" lang=\"en-US\" dir=\"ltr\">\n<div class=\"screen-reader-response\"><\/div>\n<form action=\"\/de\/wp-json\/wp\/v2\/pages\/878#wpcf7-f48-o1\" method=\"post\" class=\"wpcf7-form\" novalidate=\"novalidate\">\n<div style=\"display: none;\">\n<input type=\"hidden\" name=\"_wpcf7\" value=\"48\" \/>\n<input type=\"hidden\" name=\"_wpcf7_version\" value=\"5.1.3\" \/>\n<input type=\"hidden\" name=\"_wpcf7_locale\" value=\"en_US\" \/>\n<input type=\"hidden\" name=\"_wpcf7_unit_tag\" value=\"wpcf7-f48-o1\" \/>\n<input type=\"hidden\" name=\"_wpcf7_container_post\" value=\"0\" \/>\n<\/div>\n<p><label> Ihr Name (erforderlich)<br \/>\n    <span class=\"wpcf7-form-control-wrap your-name\"><input type=\"text\" name=\"your-name\" value=\"\" size=\"40\" class=\"wpcf7-form-control wpcf7-text wpcf7-validates-as-required\" aria-required=\"true\" aria-invalid=\"false\" \/><\/span> <\/label><\/p>\n<p><label> Ihre E-Mail-Adresse (erforderlich)<br \/>\n    <span class=\"wpcf7-form-control-wrap your-email\"><input type=\"email\" name=\"your-email\" value=\"\" size=\"40\" class=\"wpcf7-form-control wpcf7-text wpcf7-email wpcf7-validates-as-required wpcf7-validates-as-email\" aria-required=\"true\" aria-invalid=\"false\" \/><\/span> <\/label><\/p>\n<p><label> Ihre Nachricht<br \/>\n    <span class=\"wpcf7-form-control-wrap your-message\"><textarea name=\"your-message\" cols=\"40\" rows=\"10\" class=\"wpcf7-form-control wpcf7-textarea\" aria-invalid=\"false\"><\/textarea><\/span> <\/label><\/p>\n<p><input type=\"submit\" value=\"Senden\" class=\"wpcf7-form-control wpcf7-submit\" \/><\/p>\n<div class=\"wpcf7-response-output wpcf7-display-none\"><\/div><\/form><\/div>[\/vc_column][\/vc_row][\/vc_section]<\/p>\n","protected":false},"excerpt":{"rendered":"<p>[vc_section][vc_row el_class=&#8220;hc-banner-container-global&#8220;][vc_column width=&#8220;1\/2&#8243; el_class=&#8220;hc-left-item hc-va-middle&#8220;][vc_column_text el_class=&#8220;hc-front-text hc-no-bottom&#8220;] Kontakt [\/vc_column_text][\/vc_column][vc_column width=&#8220;1\/2&#8243; el_class=&#8220;hc-right-item hc-force-bottom&#8220;][vc_single_image image=&#8220;490&#8243; img_size=&#8220;full&#8220; el_class=&#8220;banner-front-image&#8220;][\/vc_column][\/vc_row][\/vc_section][vc_section][vc_row][vc_column width=&#8220;1\/2&#8243;][\/vc_column][\/vc_row][\/vc_section][vc_section el_class=&#8220;hc-wrapper&#8220;][vc_row el_class=&#8220;hc-dont-miss&#8220;][vc_column width=&#8220;1\/2&#8243; el_class=&#8220;hc-wrapper-left&#8220;][vc_single_image image=&#8220;567&#8243; img_size=&#8220;full&#8220; el_class=&#8220;hc-img-circle&#8220;][\/vc_column][vc_column width=&#8220;1\/2&#8243; css=&#8220;.vc_custom_1657278229794{margin-top: 80px !important;}&#8220;][vc_column_text] In Kontakt treten [\/vc_column_text][vc_column_text el_class=&#8220;hc-content hc-mb-50&#8243;]Sie k\u00f6nnen unser B\u00fcro telefonisch oder \u00fcber das unten stehende Kontaktformular erreichen. Einer unserer Mitarbeiter wird sich so schnell wie m\u00f6glich mit Ihnen&hellip;<\/p>\n","protected":false},"author":1,"featured_media":0,"parent":0,"menu_order":0,"comment_status":"closed","ping_status":"closed","template":"","meta":[],"_links":{"self":[{"href":"http:\/\/dmed-homecare.dmedbilisim.com\/de\/wp-json\/wp\/v2\/pages\/878"}],"collection":[{"href":"http:\/\/dmed-homecare.dmedbilisim.com\/de\/wp-json\/wp\/v2\/pages"}],"about":[{"href":"http:\/\/dmed-homecare.dmedbilisim.com\/de\/wp-json\/wp\/v2\/types\/page"}],"author":[{"embeddable":true,"href":"http:\/\/dmed-homecare.dmedbilisim.com\/de\/wp-json\/wp\/v2\/users\/1"}],"replies":[{"embeddable":true,"href":"http:\/\/dmed-homecare.dmedbilisim.com\/de\/wp-json\/wp\/v2\/comments?post=878"}],"version-history":[{"count":3,"href":"http:\/\/dmed-homecare.dmedbilisim.com\/de\/wp-json\/wp\/v2\/pages\/878\/revisions"}],"predecessor-version":[{"id":1045,"href":"http:\/\/dmed-homecare.dmedbilisim.com\/de\/wp-json\/wp\/v2\/pages\/878\/revisions\/1045"}],"wp:attachment":[{"href":"http:\/\/dmed-homecare.dmedbilisim.com\/de\/wp-json\/wp\/v2\/media?parent=878"}],"curies":[{"name":"wp","href":"https:\/\/api.w.org\/{rel}","templated":true}]}}