{"id":879,"date":"2022-06-30T07:07:18","date_gmt":"2022-06-30T07:07:18","guid":{"rendered":"http:\/\/dmed-homecare.dmedbilisim.com\/uber-uns\/"},"modified":"2022-09-08T11:19:36","modified_gmt":"2022-09-08T11:19:36","slug":"uber-uns","status":"publish","type":"page","link":"http:\/\/dmed-homecare.dmedbilisim.com\/de\/uber-uns\/","title":{"rendered":"\u00dcber uns"},"content":{"rendered":"<p>[vc_section][vc_row el_class=&#8220;hc-banner-container-global&#8220;][vc_column width=&#8220;1\/2&#8243; el_class=&#8220;hc-left-item hc-va-middle&#8220;][vc_column_text el_class=&#8220;hc-front-text hc-no-bottom&#8220;]<\/p>\n<h1 class=\"hc-slider-nb-big-title inner-page\">\u00dcber D.med<\/h1>\n<p>[\/vc_column_text][\/vc_column][vc_column width=&#8220;1\/2&#8243; el_class=&#8220;hc-right-item hc-force-bottom&#8220;][vc_single_image image=&#8220;466&#8243; img_size=&#8220;full&#8220; el_class=&#8220;banner-front-image&#8220;][\/vc_column][\/vc_row][\/vc_section][vc_section][vc_row][vc_column width=&#8220;1\/2&#8243;][\/vc_column][\/vc_row][\/vc_section][vc_section el_class=&#8220;hc-wrapper&#8220;][vc_row el_class=&#8220;hc-dont-miss&#8220;][vc_column width=&#8220;1\/2&#8243; el_class=&#8220;hc-wrapper-left&#8220;][vc_single_image image=&#8220;337&#8243; img_size=&#8220;full&#8220; el_class=&#8220;hc-img-circle&#8220;][\/vc_column][vc_column width=&#8220;1\/2&#8243; css=&#8220;.vc_custom_1657278229794{margin-top: 80px !important;}&#8220;][vc_column_text]<\/p>\n<h1 class=\"hc-db-title\">\u00dcber D.med Heimpflege<\/h1>\n<h1 class=\"hc-db-title\">Was ist Heim-H\u00e4modialyse?<\/h1>\n<h1 class=\"hc-db-title hc-mb-30\"><\/h1>\n<p class=\"hc-content\">Die Heimh\u00e4modialyse (HHD) ist eine Therapie bei Nierenversagen.<br \/>\nDas Verfahren ist das gleiche wie bei der ambulanten H\u00e4modialyse, wird aber bequem zu Hause mit den gleichen Ger\u00e4ten durchgef\u00fchrt.<br \/>\nPatienten, die zu Hause dialysieren, m\u00fcssen f\u00fcr die Dialysebehandlung nicht mehr in eine Dialyseklinik fahren.<br \/>\nDer behandelnde Nephrologe ist jedoch weiterhin f\u00fcr die Behandlung und Verschreibung der Therapie und von Medikamenten zust\u00e4ndig. Das HHD-Ger\u00e4t wird zu Hause in einem geeigneten Raum aufgestellt und installiert.<br \/>\nDie regelm\u00e4ssige Wartung der Ger\u00e4te wird zu Hause durchgef\u00fchrt und die Behandlungsmaterialien werden den Patienten nach Hause geliefert.<br \/>\nDie Patienten werden von den D.med Therapiespezialisten darin geschult, die Behandlung allein durchzuf\u00fchren. Nach dem Abschluss des Trainingsprogrammes k\u00f6nnen die Patienten die Dialyse flexibel nach ihrem eigenen Zeitplan durchf\u00fchren (z.B. abends nach der Arbeit). Bei Fragen oder Problemen w\u00e4hrend der Behandlung stehen die Therapiespezialisten von D.med rund um die Uhr zur Verf\u00fcgung und unterst\u00fctzen bei Bedarf.[\/vc_column_text][\/vc_column][\/vc_row][\/vc_section][vc_section el_class=&#8220;hc-wrapper&#8220;][vc_row][vc_column width=&#8220;1\/2&#8243;][vc_column_text]<\/p>\n<h1 class=\"hc-db-title\">D.med\u2019s Geschichte<\/h1>\n<p>[\/vc_column_text][\/vc_column][vc_column width=&#8220;1\/2&#8243;][vc_column_text el_class=&#8220;hc-content hc-mb-30&#8243;]Die D.med Healthcare Group (D.med) ist ein globaler Anbieter von medizinischen Dienstleistungen und Produkten und konzentriert sich auf die Erbringung von medizinischen Dienstleistungen wie Dialyse und Kardiologie. Seit 2019 erbrachte D.med Dialysedienstleistungen f\u00fcr mehr als 5.000 Dialysepatienten in einem globalen Netzwerk von mehr als 60 Dialysekliniken.<\/p>\n<p>&nbsp;<\/p>\n<p>Im Jahr 2019 gab die D.med Healthcare Group (D.med) bekannt, dass sie eine neue Gesch\u00e4ftseinheit im Markt f\u00fcr Heim-H\u00e4modialyse gegr\u00fcndet hat. Unter der neu gegr\u00fcndeten Marke D.med Homecare. Diese Einheit bietet nun Heim-H\u00e4modialyse-Dienstleistungen f\u00fcr Patienten in der Schweiz und \u00d6sterreich an.<\/p>\n<p>&nbsp;<\/p>\n<p>D.med Homecare bietet alle Dienstleistungen an, die die Patienten ben\u00f6tigen, um sich auf die Heim-H\u00e4modialyse vorzubereiten und schlie\u00dflich auf die Dialyse in den eigenen vier W\u00e4nden umzustellen. Dazu geh\u00f6ren alle logistischen und administrativen Aufgaben ebenso wie Schulungen, Qualit\u00e4tssicherung und die laufende Betreuung der Dialysepatienten. Dabei agiert D.med als Partner des verantwortlichen Arztes des Patienten, um eine hohe Qualit\u00e4t der Versorgung au\u00dferhalb des Dialysezentrums zu gew\u00e4hrleisten.<\/p>\n<p>&nbsp;<\/p>\n<p>&#8222;Mit der Heim-H\u00e4modialyse bieten wir den Patienten die M\u00f6glichkeit, die Dialysebehandlung an ihren Lebensstil anzupassen. Mit unserem hochqualifizierten Team von Krankenschwestern k\u00f6nnen wir unsere Patienten w\u00e4hrend der gesamten H\u00e4modialyse zu Hause unterst\u00fctzen&#8220;,&#8220;<\/p>\n<p>&nbsp;<\/p>\n<p>sagte Sven-Axel Krentorz, Vorstandsvorsitzender von D.med.<\/p>\n<p>&nbsp;<\/p>\n<p>Im Januar 2022 gab die D.med Healthcare Group (D.med) den Abschluss der \u00dcbernahme der restlichen 49% der D.med Homecare GmbH, Schweiz, bekannt.[\/vc_column_text][\/vc_column][\/vc_row][\/vc_section][vc_section el_class=&#8220;hc-wrapper&#8220;][vc_row el_class=&#8220;container&#8220;][vc_column el_class=&#8220;hc-banner slider abouts&#8220;][vc_row_inner][vc_column_inner width=&#8220;1\/2&#8243;][vc_column_text el_class=&#8220;hc-db-title hc-mb-10 hc-banner-text left sven-axel hc-text-shadow&#8220;]Sven-Axel Krentorz[\/vc_column_text][vc_column_text el_class=&#8220;hc-link hc-mb-30 hc-banner-text left founder-owner hc-text-shadow&#8220;]<a class=\"hc-link hc-mb-30\">Gr\u00fcnder\/ Eigent\u00fcmer\/ CEO<\/a>[\/vc_column_text][vc_column_text el_class=&#8220;hc-content hc-mb-30 hc-banner-text left sven-text hc-text-shadow&#8220;]Wir glauben fest an die Zukunft des Konzepts der h\u00e4uslichen Dialysebehandlung und werden auch weiterhin innovative L\u00f6sungen entwickeln, um die Dialyse mit einem H\u00f6chstma\u00df an Sicherheit besser in den Alltag unserer Patienten zu integrieren.[\/vc_column_text][\/vc_column_inner][vc_column_inner width=&#8220;1\/2&#8243;][vc_single_image image=&#8220;339&#8243; img_size=&#8220;full&#8220; alignment=&#8220;right&#8220; el_class=&#8220;hc-sven-image&#8220;][\/vc_column_inner][\/vc_row_inner][\/vc_column][\/vc_row][\/vc_section]<\/p>\n","protected":false},"excerpt":{"rendered":"<p>[vc_section][vc_row el_class=&#8220;hc-banner-container-global&#8220;][vc_column width=&#8220;1\/2&#8243; el_class=&#8220;hc-left-item hc-va-middle&#8220;][vc_column_text el_class=&#8220;hc-front-text hc-no-bottom&#8220;] \u00dcber D.med [\/vc_column_text][\/vc_column][vc_column width=&#8220;1\/2&#8243; el_class=&#8220;hc-right-item hc-force-bottom&#8220;][vc_single_image image=&#8220;466&#8243; img_size=&#8220;full&#8220; el_class=&#8220;banner-front-image&#8220;][\/vc_column][\/vc_row][\/vc_section][vc_section][vc_row][vc_column width=&#8220;1\/2&#8243;][\/vc_column][\/vc_row][\/vc_section][vc_section el_class=&#8220;hc-wrapper&#8220;][vc_row el_class=&#8220;hc-dont-miss&#8220;][vc_column width=&#8220;1\/2&#8243; el_class=&#8220;hc-wrapper-left&#8220;][vc_single_image image=&#8220;337&#8243; img_size=&#8220;full&#8220; el_class=&#8220;hc-img-circle&#8220;][\/vc_column][vc_column width=&#8220;1\/2&#8243; css=&#8220;.vc_custom_1657278229794{margin-top: 80px !important;}&#8220;][vc_column_text] \u00dcber D.med Heimpflege Was ist Heim-H\u00e4modialyse? Die Heimh\u00e4modialyse (HHD) ist eine Therapie bei Nierenversagen. Das Verfahren ist das gleiche wie bei der ambulanten H\u00e4modialyse, wird aber bequem&hellip;<\/p>\n","protected":false},"author":1,"featured_media":0,"parent":0,"menu_order":0,"comment_status":"closed","ping_status":"closed","template":"","meta":[],"_links":{"self":[{"href":"http:\/\/dmed-homecare.dmedbilisim.com\/de\/wp-json\/wp\/v2\/pages\/879"}],"collection":[{"href":"http:\/\/dmed-homecare.dmedbilisim.com\/de\/wp-json\/wp\/v2\/pages"}],"about":[{"href":"http:\/\/dmed-homecare.dmedbilisim.com\/de\/wp-json\/wp\/v2\/types\/page"}],"author":[{"embeddable":true,"href":"http:\/\/dmed-homecare.dmedbilisim.com\/de\/wp-json\/wp\/v2\/users\/1"}],"replies":[{"embeddable":true,"href":"http:\/\/dmed-homecare.dmedbilisim.com\/de\/wp-json\/wp\/v2\/comments?post=879"}],"version-history":[{"count":4,"href":"http:\/\/dmed-homecare.dmedbilisim.com\/de\/wp-json\/wp\/v2\/pages\/879\/revisions"}],"predecessor-version":[{"id":1040,"href":"http:\/\/dmed-homecare.dmedbilisim.com\/de\/wp-json\/wp\/v2\/pages\/879\/revisions\/1040"}],"wp:attachment":[{"href":"http:\/\/dmed-homecare.dmedbilisim.com\/de\/wp-json\/wp\/v2\/media?parent=879"}],"curies":[{"name":"wp","href":"https:\/\/api.w.org\/{rel}","templated":true}]}}